{"id":10970,"date":"2025-03-13T15:57:10","date_gmt":"2025-03-13T14:57:10","guid":{"rendered":"https:\/\/www.latchourette.com\/?page_id=10970"},"modified":"2025-05-07T15:53:57","modified_gmt":"2025-05-07T13:53:57","slug":"big-cottages","status":"publish","type":"page","link":"https:\/\/www.latchourette.com\/en\/big-cottages\/","title":{"rendered":"Big cottages"},"content":{"rendered":"\n<h1>\n\t\tLes Grands Chalets\n\t<\/h1>\n\t<p><strong>Les G\u00eetes Chalets de la Tchourette<\/strong> sont situ\u00e9s \u00e0 <strong>Masm\u00e9jean<\/strong> en <strong>Loz\u00e8re<\/strong> dans la commune du <strong>Pont De Montvert<\/strong> (48220), sur les terres du <strong>Parc National des C\u00e9vennes<\/strong>.<\/p>\n<strong>Quatre chalets<\/strong> construits sur 2 niveaux et am\u00e9nag\u00e9s pour recevoir jusqu&#8217;\u00e0 <strong>13 personnes<\/strong>, dans un int\u00e9rieur spacieux et esth\u00e9tique.\n\tChaque logement comprend :\n<ul>\n<li>une <strong>cuisine<\/strong> totalement \u00e9quip\u00e9e.<\/li>\n<li>\nun <strong>coin repas<\/strong> et <strong>un grand salon<\/strong> compos\u00e9 d&#8217;un canap\u00e9 d&#8217;angle, d&#8217;une TV LCD &#8211; full HD 42 pouces avec lecteur DVD\/Blu-ray et de meubles en pin massif &#8211; miel huil\u00e9.\n<\/li>\n<li>\n<strong>2 salles de bains<\/strong> douches combin\u00e9es hydro-jet et WC s\u00e9par\u00e9s.\n<\/li>\n<li>\n<strong>4 chambres<\/strong> avec chacune un lit en 140 et 5 lits en 90 r\u00e9partis dans 3 d&#8217;entres elles.\n<\/li>\n<li>le <strong>chauffage<\/strong> dans toutes les pi\u00e8ces.<\/li>\n<li>\nle <strong>Wi-Fi<\/strong>.\n<\/li>\n<li>une <strong>chemin\u00e9e \u00e9lectrique<\/strong>.<\/li>\n<li>\nune <strong>grande terrasse<\/strong> avec salon teck et vue panoramique sur <strong>le Parc national des C\u00e9vennes<\/strong>.\n<\/li>\n<li>\ndes petits plus pour votre confort : rangements dans toutes les chambres, couvertures polaires, couettes, coussins, doubles rideaux et un aspirateur.\n<\/li>\n<\/ul>\n\t\t\t<a href=\"https:\/\/www.latchourette.com\/chalets\/\" target=\"_self\" rel=\"noopener\">\n\t\t\t\t\t\tD\u00e9couvrir nos Chalets\n\t\t\t\t\t<\/a>\n\t\t\t\tEquipements\n\t\t\t\t<ul>\n<li>Grille-pain<\/li>\n<li>Cafeti\u00e8re \u00e9lectrique<\/li>\n<li>Fer \u00e0 repasser et sa table<\/li>\n<li>Vaisselle et ustensiles de cuisine en quantit\u00e9<\/li>\n<li>Lave-vaisselle<\/li>\n<li>Four \u00e9lectrique pyrolyse<\/li>\n<li>R\u00e9frig\u00e9rateur et cong\u00e9lateur<\/li>\n<li>Lave-linge<\/li>\n<li>Plaque vitro 4 feux<\/li>\n<li>Micro-ondes<\/li>\n<li>Wi-Fi gratuit<\/li>\n<li>Terrasse avec salon de jardin<\/li>\n<li>Barbecue<\/li>\n<\/ul>\n\t\t\t\tServices\n\t\t\t\t<ul>\n<li>Linge de lit (en suppl\u00e9ment)<\/li>\n<li>Linge de toilette (en suppl\u00e9ment)<\/li>\n<li>Lit b\u00e9b\u00e9 (en suppl\u00e9ment)<\/li>\n<li>Animaux (en suppl\u00e9ment)<\/li>\n<\/ul>\n\t<p>Si vos dates ne sont pas disponibles pour le moment, merci de nous contacter directement.<\/p>\n\t<p>La Tchourette du Mont-Loz\u00e8re<\/p>\n\n","protected":false},"excerpt":{"rendered":"<p>Les Grands Chalets Les G\u00eetes Chalets de la Tchourette sont situ\u00e9s \u00e0 Masm\u00e9jean en Loz\u00e8re dans la commune du Pont De Montvert (48220), sur les terres du Parc National des C\u00e9vennes. Quatre chalets construits sur 2 niveaux et am\u00e9nag\u00e9s pour recevoir jusqu&#8217;\u00e0 13 personnes, dans un int\u00e9rieur spacieux et esth\u00e9tique. Chaque logement comprend : une&hellip;<\/p>\n","protected":false},"author":54,"featured_media":0,"parent":0,"menu_order":0,"comment_status":"closed","ping_status":"closed","template":"","meta":{"_acf_changed":false,"footnotes":""},"class_list":["post-10970","page","type-page","status-publish","hentry"],"acf":[],"yoast_head":"<!-- This site is optimized with the Yoast SEO plugin v27.3 - https:\/\/yoast.com\/product\/yoast-seo-wordpress\/ -->\n<title>Big cottages - Les G\u00eetes de la Tchourette du Mont Loz\u00e8re<\/title>\n<meta name=\"robots\" content=\"index, follow, max-snippet:-1, max-image-preview:large, max-video-preview:-1\" \/>\n<link rel=\"canonical\" href=\"https:\/\/www.latchourette.com\/en\/big-cottages\/\" \/>\n<meta property=\"og:locale\" content=\"en_US\" \/>\n<meta property=\"og:type\" content=\"article\" \/>\n<meta property=\"og:title\" content=\"Big cottages - Les G\u00eetes de la Tchourette du Mont Loz\u00e8re\" \/>\n<meta property=\"og:description\" content=\"Les Grands Chalets Les G\u00eetes Chalets de la Tchourette sont situ\u00e9s \u00e0 Masm\u00e9jean en Loz\u00e8re dans la commune du Pont De Montvert (48220), sur les terres du Parc National des C\u00e9vennes. Quatre chalets construits sur 2 niveaux et am\u00e9nag\u00e9s pour recevoir jusqu&#8217;\u00e0 13 personnes, dans un int\u00e9rieur spacieux et esth\u00e9tique. Chaque logement comprend : une&hellip;\" \/>\n<meta property=\"og:url\" content=\"https:\/\/www.latchourette.com\/en\/big-cottages\/\" \/>\n<meta property=\"og:site_name\" content=\"Les G\u00eetes de la Tchourette du Mont Loz\u00e8re\" \/>\n<meta property=\"article:modified_time\" content=\"2025-05-07T13:53:57+00:00\" \/>\n<meta name=\"twitter:card\" content=\"summary_large_image\" \/>\n<meta name=\"twitter:label1\" content=\"Est. reading time\" \/>\n\t<meta name=\"twitter:data1\" content=\"2 minutes\" \/>\n<script type=\"application\/ld+json\" class=\"yoast-schema-graph\">{\"@context\":\"https:\\\/\\\/schema.org\",\"@graph\":[{\"@type\":\"WebPage\",\"@id\":\"https:\\\/\\\/www.latchourette.com\\\/en\\\/big-cottages\\\/\",\"url\":\"https:\\\/\\\/www.latchourette.com\\\/en\\\/big-cottages\\\/\",\"name\":\"Big cottages - Les G\u00eetes de la Tchourette du Mont Loz\u00e8re\",\"isPartOf\":{\"@id\":\"https:\\\/\\\/www.latchourette.com\\\/#website\"},\"datePublished\":\"2025-03-13T14:57:10+00:00\",\"dateModified\":\"2025-05-07T13:53:57+00:00\",\"breadcrumb\":{\"@id\":\"https:\\\/\\\/www.latchourette.com\\\/en\\\/big-cottages\\\/#breadcrumb\"},\"inLanguage\":\"en-US\",\"potentialAction\":[{\"@type\":\"ReadAction\",\"target\":[\"https:\\\/\\\/www.latchourette.com\\\/en\\\/big-cottages\\\/\"]}]},{\"@type\":\"BreadcrumbList\",\"@id\":\"https:\\\/\\\/www.latchourette.com\\\/en\\\/big-cottages\\\/#breadcrumb\",\"itemListElement\":[{\"@type\":\"ListItem\",\"position\":1,\"name\":\"Home\",\"item\":\"https:\\\/\\\/www.latchourette.com\\\/en\\\/home\\\/\"},{\"@type\":\"ListItem\",\"position\":2,\"name\":\"Big cottages\"}]},{\"@type\":\"WebSite\",\"@id\":\"https:\\\/\\\/www.latchourette.com\\\/#website\",\"url\":\"https:\\\/\\\/www.latchourette.com\\\/\",\"name\":\"Les G\u00eetes de la Tchourette du Mont Loz\u00e8re\",\"description\":\"\",\"potentialAction\":[{\"@type\":\"SearchAction\",\"target\":{\"@type\":\"EntryPoint\",\"urlTemplate\":\"https:\\\/\\\/www.latchourette.com\\\/?s={search_term_string}\"},\"query-input\":{\"@type\":\"PropertyValueSpecification\",\"valueRequired\":true,\"valueName\":\"search_term_string\"}}],\"inLanguage\":\"en-US\"}]}<\/script>\n<!-- \/ Yoast SEO plugin. -->","yoast_head_json":{"title":"Big cottages - Les G\u00eetes de la Tchourette du Mont Loz\u00e8re","robots":{"index":"index","follow":"follow","max-snippet":"max-snippet:-1","max-image-preview":"max-image-preview:large","max-video-preview":"max-video-preview:-1"},"canonical":"https:\/\/www.latchourette.com\/en\/big-cottages\/","og_locale":"en_US","og_type":"article","og_title":"Big cottages - Les G\u00eetes de la Tchourette du Mont Loz\u00e8re","og_description":"Les Grands Chalets Les G\u00eetes Chalets de la Tchourette sont situ\u00e9s \u00e0 Masm\u00e9jean en Loz\u00e8re dans la commune du Pont De Montvert (48220), sur les terres du Parc National des C\u00e9vennes. Quatre chalets construits sur 2 niveaux et am\u00e9nag\u00e9s pour recevoir jusqu&#8217;\u00e0 13 personnes, dans un int\u00e9rieur spacieux et esth\u00e9tique. Chaque logement comprend : une&hellip;","og_url":"https:\/\/www.latchourette.com\/en\/big-cottages\/","og_site_name":"Les G\u00eetes de la Tchourette du Mont Loz\u00e8re","article_modified_time":"2025-05-07T13:53:57+00:00","twitter_card":"summary_large_image","twitter_misc":{"Est. reading time":"2 minutes"},"schema":{"@context":"https:\/\/schema.org","@graph":[{"@type":"WebPage","@id":"https:\/\/www.latchourette.com\/en\/big-cottages\/","url":"https:\/\/www.latchourette.com\/en\/big-cottages\/","name":"Big cottages - Les G\u00eetes de la Tchourette du Mont Loz\u00e8re","isPartOf":{"@id":"https:\/\/www.latchourette.com\/#website"},"datePublished":"2025-03-13T14:57:10+00:00","dateModified":"2025-05-07T13:53:57+00:00","breadcrumb":{"@id":"https:\/\/www.latchourette.com\/en\/big-cottages\/#breadcrumb"},"inLanguage":"en-US","potentialAction":[{"@type":"ReadAction","target":["https:\/\/www.latchourette.com\/en\/big-cottages\/"]}]},{"@type":"BreadcrumbList","@id":"https:\/\/www.latchourette.com\/en\/big-cottages\/#breadcrumb","itemListElement":[{"@type":"ListItem","position":1,"name":"Home","item":"https:\/\/www.latchourette.com\/en\/home\/"},{"@type":"ListItem","position":2,"name":"Big cottages"}]},{"@type":"WebSite","@id":"https:\/\/www.latchourette.com\/#website","url":"https:\/\/www.latchourette.com\/","name":"Les G\u00eetes de la Tchourette du Mont Loz\u00e8re","description":"","potentialAction":[{"@type":"SearchAction","target":{"@type":"EntryPoint","urlTemplate":"https:\/\/www.latchourette.com\/?s={search_term_string}"},"query-input":{"@type":"PropertyValueSpecification","valueRequired":true,"valueName":"search_term_string"}}],"inLanguage":"en-US"}]}},"_links":{"self":[{"href":"https:\/\/www.latchourette.com\/en\/wp-json\/wp\/v2\/pages\/10970","targetHints":{"allow":["GET"]}}],"collection":[{"href":"https:\/\/www.latchourette.com\/en\/wp-json\/wp\/v2\/pages"}],"about":[{"href":"https:\/\/www.latchourette.com\/en\/wp-json\/wp\/v2\/types\/page"}],"author":[{"embeddable":true,"href":"https:\/\/www.latchourette.com\/en\/wp-json\/wp\/v2\/users\/54"}],"replies":[{"embeddable":true,"href":"https:\/\/www.latchourette.com\/en\/wp-json\/wp\/v2\/comments?post=10970"}],"version-history":[{"count":2,"href":"https:\/\/www.latchourette.com\/en\/wp-json\/wp\/v2\/pages\/10970\/revisions"}],"predecessor-version":[{"id":10972,"href":"https:\/\/www.latchourette.com\/en\/wp-json\/wp\/v2\/pages\/10970\/revisions\/10972"}],"wp:attachment":[{"href":"https:\/\/www.latchourette.com\/en\/wp-json\/wp\/v2\/media?parent=10970"}],"curies":[{"name":"wp","href":"https:\/\/api.w.org\/{rel}","templated":true}]}}