{"id":10993,"date":"2025-03-13T16:27:13","date_gmt":"2025-03-13T15:27:13","guid":{"rendered":"https:\/\/www.latchourette.com\/?page_id=10993"},"modified":"2025-05-07T15:53:57","modified_gmt":"2025-05-07T13:53:57","slug":"activities","status":"publish","type":"page","link":"https:\/\/www.latchourette.com\/en\/activities\/","title":{"rendered":"Activities"},"content":{"rendered":"\n<h1>\n\t\tActivit\u00e9s\n\t<\/h1>\n\t<p>Les G\u00eetes Chalets se situent dans <strong>un espace prot\u00e9g\u00e9,<\/strong> il vous sera alors possible d&#8217;observer <strong>la nature,<\/strong> de d\u00e9couvrir de nouveaux paysages, de faire <strong>des randonn\u00e9es \u00e0 pied,<\/strong> <strong>des balades en famille<\/strong> et de profiter <strong>des piscines naturelles<\/strong> pour vous rafra\u00eechir.<\/p>\n<p>A la disposition des locataires :<\/p>\n<ul>\n<li>deux grands barbecues,<\/li>\n<li>une table de ping-pong,<\/li>\n<li>un baby-foot,<\/li>\n<li>des \u00e9quipements de fitness en ext\u00e9rieur,<\/li>\n<li>un terrain de foot,\u00a0un terrain de volley,\u00a0un terrain de badminton et\u00a0un terrain de boules,<\/li>\n<li>un petit parc de jeux pour enfants compos\u00e9 de plusieurs balan\u00e7oires et d&#8217;un toboggan.<\/li>\n<\/ul>\n<h3>\n\t\tLes randonn\u00e9es\n\t<\/h3>\n\t<p>Le Parc National des C\u00e9vennes poss\u00e8de de nombreux parcours balis\u00e9s :<\/p>\n<p>Le GR 7, le GR 72 et le <strong>c\u00e9l\u00e8bre GR 70 emprunt\u00e9 il y a 150 ans par l&#8217;\u00e9crivain \u00e9cossais Robert Louis Stevenson et son \u00e2nesse Modestine<\/strong>, ainsi que les nombreux sentiers et PR autour des G\u00eetes Chalets.<\/p>\n\t\t\t<a href=\"https:\/\/www.cevennes-montlozere.com\/a-voir-a-faire\/randonnee\/\" target=\"_self\" rel=\"noopener\">\n\t\t\t\t\t\tVoir Office de tourisme Pont de Montvert\n\t\t\t\t\t<\/a>\n<h3>\n\t\tLes baignades\n\t<\/h3>\n\t<p>Le Tarn offre une multitude d&#8217;endroits agr\u00e9ables pour pique-niquer et\/ou piquer une t\u00eate :<\/p>\n<p>Le <strong>Gouffre de l&#8217;Oule<\/strong>, les <strong>Sources du Tarn<\/strong>, la <strong>Cascade de Runes<\/strong>,&#8230;<\/p>\n<p>En amont comme en aval du village, \u00e0 vous de trouver votre coin de r\u00eave.<\/p>\n\t\t\t<a href=\"https:\/\/www.cevennes-montlozere.com\/a-voir-a-faire\/nature-et-detente\/\" target=\"_self\" rel=\"noopener\">\n\t\t\t\t\t\tVoir Office de tourisme Pont de Montvert\n\t\t\t\t\t<\/a>\n<h3>\n\t\tLes activit\u00e9s de pleine nature\n\t<\/h3>\n\t<p>Le Parc National des C\u00e9vennes est \u00e9galement un terrain de jeu particuli\u00e8rement affectionn\u00e9 par les pratiquants de sports en ext\u00e9rieur :<\/p>\n<p><strong>Bases nautiques, VTT, cano\u00eb-kayak, canyoning, escalade, accrobranche, p\u00eache<\/strong>,&#8230;<\/p>\n\t\t\t<a href=\"https:\/\/www.cevennes-montlozere.com\/a-voir-a-faire\/sport-et-aventure\/\" target=\"_self\" rel=\"noopener\">\n\t\t\t\t\t\tVoir Office de tourisme Pont de Montvert\n\t\t\t\t\t<\/a>\n<h3>\n\t\tAutomne et Hiver\n\t<\/h3>\n\t<p>Venez profiter des couleurs d&#8217;Automne pour <strong>cueillir des champignons<\/strong> et <strong>\u00e9couter le brame du cerf<\/strong>.<\/p>\n<p>Durant l&#8217;Hiver, le <strong>ski alpin<\/strong>, le <strong>ski de fond<\/strong> et les <strong>raquettes<\/strong> prennent place \u00e0 la station du Mont-Loz\u00e8re (1700m).<\/p>\n\t\t\t<a href=\"https:\/\/www.cevennes-montlozere.com\/a-voir-a-faire\/sport-et-aventure\/\" target=\"_self\" rel=\"noopener\">\n\t\t\t\t\t\tVoir Office de tourisme Pont de Montvert\n\t\t\t\t\t<\/a>\n<h3>\n\t\tD\u00e9couvrir des sites historiques\n\t<\/h3>\n\t<em><strong>Les Menhirs des Bondons<\/strong><\/em><br \/>\nVenez contempler le deuxi\u00e8me site de concentration de monuments m\u00e9galithiques en Europe.\n<em><strong>Ch\u00e2teau de Miral<\/strong><\/em><br \/>\nMonument historique du XIV\u00e8me et du XVI\u00e8me si\u00e8cles. Visites comment\u00e9es.\n<em><strong>Ch\u00e2teau de Grizac<\/strong><\/em><br \/>\nVisitez la demeure o\u00f9 naquit le pape Urbain V (1310-1370).\n<em><strong>Source de Qu\u00e9zac<\/strong><\/em><br \/>\nLaissez-vous raconter l&#8217;histoire de cette eau min\u00e9rale gazeuse et visitez l&#8217;usine d&#8217;embouteillage.\n<em><strong>Station m\u00e9t\u00e9o Mont Aigoual<\/strong><\/em><br \/>\nL&#8217;Aigoual constitue le dernier observatoire m\u00e9t\u00e9orologique de montagne en France.\n\t\t\t<a href=\"https:\/\/www.cevennes-montlozere.com\/a-voir-a-faire\/patrimoine-et-culture\/\" target=\"_self\" rel=\"noopener\">\n\t\t\t\t\t\tVoir Office de tourisme Pont de Montvert\n\t\t\t\t\t<\/a>\n\t<p>La Tchourette du Mont-Loz\u00e8re<\/p>\n\n","protected":false},"excerpt":{"rendered":"<p>Activit\u00e9s Les G\u00eetes Chalets se situent dans un espace prot\u00e9g\u00e9, il vous sera alors possible d&#8217;observer la nature, de d\u00e9couvrir de nouveaux paysages, de faire des randonn\u00e9es \u00e0 pied, des balades en famille et de profiter des piscines naturelles pour vous rafra\u00eechir. A la disposition des locataires : deux grands barbecues, une table de ping-pong,&hellip;<\/p>\n","protected":false},"author":54,"featured_media":0,"parent":0,"menu_order":0,"comment_status":"closed","ping_status":"closed","template":"","meta":{"_acf_changed":false,"footnotes":""},"class_list":["post-10993","page","type-page","status-publish","hentry"],"acf":[],"yoast_head":"<!-- This site is optimized with the Yoast SEO plugin v27.3 - https:\/\/yoast.com\/product\/yoast-seo-wordpress\/ -->\n<title>Activities - Les G\u00eetes de la Tchourette du Mont Loz\u00e8re<\/title>\n<meta name=\"description\" content=\"The Cottages are located in a protected area where you will be able to observe the local nature and discover new landscapes.\" \/>\n<meta name=\"robots\" content=\"index, follow, max-snippet:-1, max-image-preview:large, max-video-preview:-1\" \/>\n<link rel=\"canonical\" href=\"https:\/\/www.latchourette.com\/en\/activities\/\" \/>\n<meta property=\"og:locale\" content=\"en_US\" \/>\n<meta property=\"og:type\" content=\"article\" \/>\n<meta property=\"og:title\" content=\"Activities - Les G\u00eetes de la Tchourette du Mont Loz\u00e8re\" \/>\n<meta property=\"og:description\" content=\"The Cottages are located in a protected area where you will be able to observe the local nature and discover new landscapes.\" \/>\n<meta property=\"og:url\" content=\"https:\/\/www.latchourette.com\/en\/activities\/\" \/>\n<meta property=\"og:site_name\" content=\"Les G\u00eetes de la Tchourette du Mont Loz\u00e8re\" \/>\n<meta property=\"article:modified_time\" content=\"2025-05-07T13:53:57+00:00\" \/>\n<meta name=\"twitter:card\" content=\"summary_large_image\" \/>\n<meta name=\"twitter:label1\" content=\"Est. reading time\" \/>\n\t<meta name=\"twitter:data1\" content=\"3 minutes\" \/>\n<script type=\"application\/ld+json\" class=\"yoast-schema-graph\">{\"@context\":\"https:\\\/\\\/schema.org\",\"@graph\":[{\"@type\":\"WebPage\",\"@id\":\"https:\\\/\\\/www.latchourette.com\\\/en\\\/activities\\\/\",\"url\":\"https:\\\/\\\/www.latchourette.com\\\/en\\\/activities\\\/\",\"name\":\"Activities - Les G\u00eetes de la Tchourette du Mont Loz\u00e8re\",\"isPartOf\":{\"@id\":\"https:\\\/\\\/www.latchourette.com\\\/#website\"},\"datePublished\":\"2025-03-13T15:27:13+00:00\",\"dateModified\":\"2025-05-07T13:53:57+00:00\",\"description\":\"The Cottages are located in a protected area where you will be able to observe the local nature and discover new landscapes.\",\"breadcrumb\":{\"@id\":\"https:\\\/\\\/www.latchourette.com\\\/en\\\/activities\\\/#breadcrumb\"},\"inLanguage\":\"en-US\",\"potentialAction\":[{\"@type\":\"ReadAction\",\"target\":[\"https:\\\/\\\/www.latchourette.com\\\/en\\\/activities\\\/\"]}]},{\"@type\":\"BreadcrumbList\",\"@id\":\"https:\\\/\\\/www.latchourette.com\\\/en\\\/activities\\\/#breadcrumb\",\"itemListElement\":[{\"@type\":\"ListItem\",\"position\":1,\"name\":\"Home\",\"item\":\"https:\\\/\\\/www.latchourette.com\\\/en\\\/home\\\/\"},{\"@type\":\"ListItem\",\"position\":2,\"name\":\"Activities\"}]},{\"@type\":\"WebSite\",\"@id\":\"https:\\\/\\\/www.latchourette.com\\\/#website\",\"url\":\"https:\\\/\\\/www.latchourette.com\\\/\",\"name\":\"Les G\u00eetes de la Tchourette du Mont Loz\u00e8re\",\"description\":\"\",\"potentialAction\":[{\"@type\":\"SearchAction\",\"target\":{\"@type\":\"EntryPoint\",\"urlTemplate\":\"https:\\\/\\\/www.latchourette.com\\\/?s={search_term_string}\"},\"query-input\":{\"@type\":\"PropertyValueSpecification\",\"valueRequired\":true,\"valueName\":\"search_term_string\"}}],\"inLanguage\":\"en-US\"}]}<\/script>\n<!-- \/ Yoast SEO plugin. -->","yoast_head_json":{"title":"Activities - Les G\u00eetes de la Tchourette du Mont Loz\u00e8re","description":"The Cottages are located in a protected area where you will be able to observe the local nature and discover new landscapes.","robots":{"index":"index","follow":"follow","max-snippet":"max-snippet:-1","max-image-preview":"max-image-preview:large","max-video-preview":"max-video-preview:-1"},"canonical":"https:\/\/www.latchourette.com\/en\/activities\/","og_locale":"en_US","og_type":"article","og_title":"Activities - Les G\u00eetes de la Tchourette du Mont Loz\u00e8re","og_description":"The Cottages are located in a protected area where you will be able to observe the local nature and discover new landscapes.","og_url":"https:\/\/www.latchourette.com\/en\/activities\/","og_site_name":"Les G\u00eetes de la Tchourette du Mont Loz\u00e8re","article_modified_time":"2025-05-07T13:53:57+00:00","twitter_card":"summary_large_image","twitter_misc":{"Est. reading time":"3 minutes"},"schema":{"@context":"https:\/\/schema.org","@graph":[{"@type":"WebPage","@id":"https:\/\/www.latchourette.com\/en\/activities\/","url":"https:\/\/www.latchourette.com\/en\/activities\/","name":"Activities - Les G\u00eetes de la Tchourette du Mont Loz\u00e8re","isPartOf":{"@id":"https:\/\/www.latchourette.com\/#website"},"datePublished":"2025-03-13T15:27:13+00:00","dateModified":"2025-05-07T13:53:57+00:00","description":"The Cottages are located in a protected area where you will be able to observe the local nature and discover new landscapes.","breadcrumb":{"@id":"https:\/\/www.latchourette.com\/en\/activities\/#breadcrumb"},"inLanguage":"en-US","potentialAction":[{"@type":"ReadAction","target":["https:\/\/www.latchourette.com\/en\/activities\/"]}]},{"@type":"BreadcrumbList","@id":"https:\/\/www.latchourette.com\/en\/activities\/#breadcrumb","itemListElement":[{"@type":"ListItem","position":1,"name":"Home","item":"https:\/\/www.latchourette.com\/en\/home\/"},{"@type":"ListItem","position":2,"name":"Activities"}]},{"@type":"WebSite","@id":"https:\/\/www.latchourette.com\/#website","url":"https:\/\/www.latchourette.com\/","name":"Les G\u00eetes de la Tchourette du Mont Loz\u00e8re","description":"","potentialAction":[{"@type":"SearchAction","target":{"@type":"EntryPoint","urlTemplate":"https:\/\/www.latchourette.com\/?s={search_term_string}"},"query-input":{"@type":"PropertyValueSpecification","valueRequired":true,"valueName":"search_term_string"}}],"inLanguage":"en-US"}]}},"_links":{"self":[{"href":"https:\/\/www.latchourette.com\/en\/wp-json\/wp\/v2\/pages\/10993","targetHints":{"allow":["GET"]}}],"collection":[{"href":"https:\/\/www.latchourette.com\/en\/wp-json\/wp\/v2\/pages"}],"about":[{"href":"https:\/\/www.latchourette.com\/en\/wp-json\/wp\/v2\/types\/page"}],"author":[{"embeddable":true,"href":"https:\/\/www.latchourette.com\/en\/wp-json\/wp\/v2\/users\/54"}],"replies":[{"embeddable":true,"href":"https:\/\/www.latchourette.com\/en\/wp-json\/wp\/v2\/comments?post=10993"}],"version-history":[{"count":1,"href":"https:\/\/www.latchourette.com\/en\/wp-json\/wp\/v2\/pages\/10993\/revisions"}],"predecessor-version":[{"id":10994,"href":"https:\/\/www.latchourette.com\/en\/wp-json\/wp\/v2\/pages\/10993\/revisions\/10994"}],"wp:attachment":[{"href":"https:\/\/www.latchourette.com\/en\/wp-json\/wp\/v2\/media?parent=10993"}],"curies":[{"name":"wp","href":"https:\/\/api.w.org\/{rel}","templated":true}]}}