{"id":11028,"date":"2025-03-13T16:41:06","date_gmt":"2025-03-13T15:41:06","guid":{"rendered":"https:\/\/www.latchourette.com\/?page_id=11028"},"modified":"2025-05-07T15:54:00","modified_gmt":"2025-05-07T13:54:00","slug":"home","status":"publish","type":"page","link":"https:\/\/www.latchourette.com\/en\/","title":{"rendered":"Home"},"content":{"rendered":"\n\n\t\t\n\t\t<p><strong>Promotion 2025<\/strong><\/p>\n<p>Du 28 juin au 30 ao\u00fbt<\/p>\n<p><strong>R\u00e9servez d\u00e8s maintenant<\/strong> un s\u00e9jour de 2 ou 3 semaines et <\/p>\n<p><strong>b\u00e9n\u00e9ficiez de remises directement appliqu\u00e9es sur notre site !<\/strong><\/p>\n<p>Plus vous restez, plus vous \u00e9conomisez !<\/p>\n<p><strong>N&#8217;h\u00e9sitez pas \u00e0 nous appeler au 04 66 45 85 17<\/strong><\/p>\n<p>&nbsp;<\/p>\n\n\t\t\t<a href=\"https:\/\/www.latchourette.com\/tarifs-et-reservation\/\" target=\"_self\" rel=\"noopener\">\n\t\t\t\t\t\t\tR\u00e9servez ici\n\t\t\t<\/a>\n<h1>\n\t\tLa Tchourette du Mont-Loz\u00e8re vous accueille toute l&#8217;ann\u00e9e en plein c\u0153ur  du Parc National des C\u00e9vennes\n\t<\/h1>\n\t\t\t<a href=\"https:\/\/www.latchourette.com\/chalets\/\" target=\"_self\" rel=\"noopener\">\n\t\t\t\t\t\tR\u00e9server\n\t\t\t\t\t<\/a>\n<h3>\n\t\tLes Chalets\n\t<\/h3>\n\t<p>Les G\u00eetes Chalets de<strong> la Tchourette<\/strong> sont situ\u00e9s \u00e0 <strong>Masm\u00e9jean<\/strong> en <strong>Loz\u00e8re<\/strong> dans la commune du <strong>Pont De Montvert Sud-Mont-Loz\u00e8re (48220)<\/strong>, sur les terres du <strong>Parc National des C\u00e9vennes.<\/strong><\/p>\n<p>Implant\u00e9 en cr\u00eate de colline, chaque chalet offre un <strong>magnifique panorama.<\/strong><\/p>\n<p>Les terrasses des G\u00eetes Chalets vous permettent de b\u00e9n\u00e9ficier d&#8217;une vue de plus de <strong>30 kms sur les Gorges du Tarn,<\/strong>\u00a0<strong>la for\u00eat domaniale du Boug\u00e8s<\/strong> ainsi que les p\u00e2turages avoisinants, o\u00f9 il est fr\u00e9quent d&#8217;apercevoir le passage de biches, cerfs, chevreuils, sangliers, fouines, vautours, aigles, renards, li\u00e8vres.<\/p>\n\t\t\t<a href=\"https:\/\/www.latchourette.com\/chalets\/\" target=\"_self\" rel=\"noopener\">\n\t\t\t\t\t\tVoir les chalets\n\t\t\t\t\t<\/a>\n<h3>\n\t\tL&#8217;Auberge\n\t<\/h3>\n\t<p>Florence vous accueille tout au long de l&#8217;ann\u00e9e pour vous faire d\u00e9couvrir <strong>sa cuisine familiale et conviviale.<\/strong><\/p>\n<p>D\u00e9couvrez<strong> l&#8217;authenticit\u00e9 d&#8217;un restaurant \u00e0 la ferme,<\/strong> d\u00e9gustez <strong>les produits du terroir<\/strong> et <strong>les sp\u00e9cialit\u00e9s r\u00e9gionales<\/strong> issues des productions de la ferme.<\/p>\n<p>Int\u00e9rieur traditionnel : chemin\u00e9e, potager, patouille.<\/p>\n<p>Ensemble architectural typique <strong>du Mont Loz\u00e8re<\/strong> en pierre de granit et en ch\u00e2taignier.<\/p>\n\t\t\t<a href=\"https:\/\/www.latchourette.com\/auberge\/\" target=\"_self\" rel=\"noopener\">\n\t\t\t\t\t\tVoir l&#8217;auberge\n\t\t\t\t\t<\/a>\n\t<p><img loading=\"lazy\" decoding=\"async\" src=\"https:\/\/www.latchourette.com\/wp-content\/uploads\/2018\/03\/wifi-medium-signal-symbol.png\" alt=\"\" width=\"64\" height=\"64\" \/><\/p>\n<p>Connexion WIFI gratuite dans tous les g\u00eetes<\/p>\n\t<p><img loading=\"lazy\" decoding=\"async\" src=\"https:\/\/www.latchourette.com\/wp-content\/uploads\/2018\/03\/icon.png\" alt=\"\" width=\"80\" height=\"80\" \/><\/p>\n<p>Parking gratuit non surveill\u00e9<\/p>\n\t\n\t<p>La Tchourette du Mont-Loz\u00e8re<\/p>\n\n","protected":false},"excerpt":{"rendered":"<p>Promotion 2025 Du 28 juin au 30 ao\u00fbt R\u00e9servez d\u00e8s maintenant un s\u00e9jour de 2 ou 3 semaines et b\u00e9n\u00e9ficiez de remises directement appliqu\u00e9es sur notre site ! Plus vous restez, plus vous \u00e9conomisez ! N&#8217;h\u00e9sitez pas \u00e0 nous appeler au 04 66 45 85 17 &nbsp; R\u00e9servez ici La Tchourette du Mont-Loz\u00e8re vous accueille&hellip;<\/p>\n","protected":false},"author":54,"featured_media":0,"parent":0,"menu_order":0,"comment_status":"closed","ping_status":"closed","template":"","meta":{"_acf_changed":false,"footnotes":""},"class_list":["post-11028","page","type-page","status-publish","hentry"],"acf":[],"yoast_head":"<!-- This site is optimized with the Yoast SEO plugin v27.5 - https:\/\/yoast.com\/product\/yoast-seo-wordpress\/ -->\n<title>Home - Les G\u00eetes de la Tchourette du Mont Loz\u00e8re<\/title>\n<meta name=\"description\" content=\"The Cottages la Tchourette are located near Le Pont-de-Montvert, on the lands of the C\u00e9vennes National Park, in the department of Loz\u00e8re.\" \/>\n<meta name=\"robots\" content=\"index, follow, max-snippet:-1, max-image-preview:large, max-video-preview:-1\" \/>\n<link rel=\"canonical\" href=\"https:\/\/www.latchourette.com\/en\/home\/\" \/>\n<meta property=\"og:locale\" content=\"en_US\" \/>\n<meta property=\"og:type\" content=\"article\" \/>\n<meta property=\"og:title\" content=\"Home - Les G\u00eetes de la Tchourette du Mont Loz\u00e8re\" \/>\n<meta property=\"og:description\" content=\"The Cottages la Tchourette are located near Le Pont-de-Montvert, on the lands of the C\u00e9vennes National Park, in the department of Loz\u00e8re.\" \/>\n<meta property=\"og:url\" content=\"https:\/\/www.latchourette.com\/en\/home\/\" \/>\n<meta property=\"og:site_name\" content=\"Les G\u00eetes de la Tchourette du Mont Loz\u00e8re\" \/>\n<meta property=\"article:modified_time\" content=\"2025-05-07T13:54:00+00:00\" \/>\n<meta property=\"og:image\" content=\"https:\/\/www.latchourette.com\/wp-content\/uploads\/2018\/03\/wifi-medium-signal-symbol.png\" \/>\n<meta name=\"twitter:card\" content=\"summary_large_image\" \/>\n<meta name=\"twitter:label1\" content=\"Est. reading time\" \/>\n\t<meta name=\"twitter:data1\" content=\"2 minutes\" \/>\n<script type=\"application\/ld+json\" class=\"yoast-schema-graph\">{\"@context\":\"https:\\\/\\\/schema.org\",\"@graph\":[{\"@type\":\"WebPage\",\"@id\":\"https:\\\/\\\/www.latchourette.com\\\/en\\\/home\\\/\",\"url\":\"https:\\\/\\\/www.latchourette.com\\\/en\\\/home\\\/\",\"name\":\"Home - Les G\u00eetes de la Tchourette du Mont Loz\u00e8re\",\"isPartOf\":{\"@id\":\"https:\\\/\\\/www.latchourette.com\\\/#website\"},\"primaryImageOfPage\":{\"@id\":\"https:\\\/\\\/www.latchourette.com\\\/en\\\/home\\\/#primaryimage\"},\"image\":{\"@id\":\"https:\\\/\\\/www.latchourette.com\\\/en\\\/home\\\/#primaryimage\"},\"thumbnailUrl\":\"https:\\\/\\\/www.latchourette.com\\\/wp-content\\\/uploads\\\/2018\\\/03\\\/wifi-medium-signal-symbol.png\",\"datePublished\":\"2025-03-13T15:41:06+00:00\",\"dateModified\":\"2025-05-07T13:54:00+00:00\",\"description\":\"The Cottages la Tchourette are located near Le Pont-de-Montvert, on the lands of the C\u00e9vennes National Park, in the department of Loz\u00e8re.\",\"breadcrumb\":{\"@id\":\"https:\\\/\\\/www.latchourette.com\\\/en\\\/home\\\/#breadcrumb\"},\"inLanguage\":\"en-US\",\"potentialAction\":[{\"@type\":\"ReadAction\",\"target\":[\"https:\\\/\\\/www.latchourette.com\\\/en\\\/home\\\/\"]}]},{\"@type\":\"ImageObject\",\"inLanguage\":\"en-US\",\"@id\":\"https:\\\/\\\/www.latchourette.com\\\/en\\\/home\\\/#primaryimage\",\"url\":\"https:\\\/\\\/www.latchourette.com\\\/wp-content\\\/uploads\\\/2018\\\/03\\\/wifi-medium-signal-symbol.png\",\"contentUrl\":\"https:\\\/\\\/www.latchourette.com\\\/wp-content\\\/uploads\\\/2018\\\/03\\\/wifi-medium-signal-symbol.png\"},{\"@type\":\"BreadcrumbList\",\"@id\":\"https:\\\/\\\/www.latchourette.com\\\/en\\\/home\\\/#breadcrumb\",\"itemListElement\":[{\"@type\":\"ListItem\",\"position\":1,\"name\":\"Home\",\"item\":\"https:\\\/\\\/www.latchourette.com\\\/en\\\/home\\\/\"},{\"@type\":\"ListItem\",\"position\":2,\"name\":\"Home\"}]},{\"@type\":\"WebSite\",\"@id\":\"https:\\\/\\\/www.latchourette.com\\\/#website\",\"url\":\"https:\\\/\\\/www.latchourette.com\\\/\",\"name\":\"Les G\u00eetes de la Tchourette du Mont Loz\u00e8re\",\"description\":\"\",\"potentialAction\":[{\"@type\":\"SearchAction\",\"target\":{\"@type\":\"EntryPoint\",\"urlTemplate\":\"https:\\\/\\\/www.latchourette.com\\\/?s={search_term_string}\"},\"query-input\":{\"@type\":\"PropertyValueSpecification\",\"valueRequired\":true,\"valueName\":\"search_term_string\"}}],\"inLanguage\":\"en-US\"}]}<\/script>\n<!-- \/ Yoast SEO plugin. -->","yoast_head_json":{"title":"Home - Les G\u00eetes de la Tchourette du Mont Loz\u00e8re","description":"The Cottages la Tchourette are located near Le Pont-de-Montvert, on the lands of the C\u00e9vennes National Park, in the department of Loz\u00e8re.","robots":{"index":"index","follow":"follow","max-snippet":"max-snippet:-1","max-image-preview":"max-image-preview:large","max-video-preview":"max-video-preview:-1"},"canonical":"https:\/\/www.latchourette.com\/en\/home\/","og_locale":"en_US","og_type":"article","og_title":"Home - Les G\u00eetes de la Tchourette du Mont Loz\u00e8re","og_description":"The Cottages la Tchourette are located near Le Pont-de-Montvert, on the lands of the C\u00e9vennes National Park, in the department of Loz\u00e8re.","og_url":"https:\/\/www.latchourette.com\/en\/home\/","og_site_name":"Les G\u00eetes de la Tchourette du Mont Loz\u00e8re","article_modified_time":"2025-05-07T13:54:00+00:00","og_image":[{"url":"https:\/\/www.latchourette.com\/wp-content\/uploads\/2018\/03\/wifi-medium-signal-symbol.png","type":"","width":"","height":""}],"twitter_card":"summary_large_image","twitter_misc":{"Est. reading time":"2 minutes"},"schema":{"@context":"https:\/\/schema.org","@graph":[{"@type":"WebPage","@id":"https:\/\/www.latchourette.com\/en\/home\/","url":"https:\/\/www.latchourette.com\/en\/home\/","name":"Home - Les G\u00eetes de la Tchourette du Mont Loz\u00e8re","isPartOf":{"@id":"https:\/\/www.latchourette.com\/#website"},"primaryImageOfPage":{"@id":"https:\/\/www.latchourette.com\/en\/home\/#primaryimage"},"image":{"@id":"https:\/\/www.latchourette.com\/en\/home\/#primaryimage"},"thumbnailUrl":"https:\/\/www.latchourette.com\/wp-content\/uploads\/2018\/03\/wifi-medium-signal-symbol.png","datePublished":"2025-03-13T15:41:06+00:00","dateModified":"2025-05-07T13:54:00+00:00","description":"The Cottages la Tchourette are located near Le Pont-de-Montvert, on the lands of the C\u00e9vennes National Park, in the department of Loz\u00e8re.","breadcrumb":{"@id":"https:\/\/www.latchourette.com\/en\/home\/#breadcrumb"},"inLanguage":"en-US","potentialAction":[{"@type":"ReadAction","target":["https:\/\/www.latchourette.com\/en\/home\/"]}]},{"@type":"ImageObject","inLanguage":"en-US","@id":"https:\/\/www.latchourette.com\/en\/home\/#primaryimage","url":"https:\/\/www.latchourette.com\/wp-content\/uploads\/2018\/03\/wifi-medium-signal-symbol.png","contentUrl":"https:\/\/www.latchourette.com\/wp-content\/uploads\/2018\/03\/wifi-medium-signal-symbol.png"},{"@type":"BreadcrumbList","@id":"https:\/\/www.latchourette.com\/en\/home\/#breadcrumb","itemListElement":[{"@type":"ListItem","position":1,"name":"Home","item":"https:\/\/www.latchourette.com\/en\/home\/"},{"@type":"ListItem","position":2,"name":"Home"}]},{"@type":"WebSite","@id":"https:\/\/www.latchourette.com\/#website","url":"https:\/\/www.latchourette.com\/","name":"Les G\u00eetes de la Tchourette du Mont Loz\u00e8re","description":"","potentialAction":[{"@type":"SearchAction","target":{"@type":"EntryPoint","urlTemplate":"https:\/\/www.latchourette.com\/?s={search_term_string}"},"query-input":{"@type":"PropertyValueSpecification","valueRequired":true,"valueName":"search_term_string"}}],"inLanguage":"en-US"}]}},"_links":{"self":[{"href":"https:\/\/www.latchourette.com\/en\/wp-json\/wp\/v2\/pages\/11028","targetHints":{"allow":["GET"]}}],"collection":[{"href":"https:\/\/www.latchourette.com\/en\/wp-json\/wp\/v2\/pages"}],"about":[{"href":"https:\/\/www.latchourette.com\/en\/wp-json\/wp\/v2\/types\/page"}],"author":[{"embeddable":true,"href":"https:\/\/www.latchourette.com\/en\/wp-json\/wp\/v2\/users\/54"}],"replies":[{"embeddable":true,"href":"https:\/\/www.latchourette.com\/en\/wp-json\/wp\/v2\/comments?post=11028"}],"version-history":[{"count":1,"href":"https:\/\/www.latchourette.com\/en\/wp-json\/wp\/v2\/pages\/11028\/revisions"}],"predecessor-version":[{"id":11029,"href":"https:\/\/www.latchourette.com\/en\/wp-json\/wp\/v2\/pages\/11028\/revisions\/11029"}],"wp:attachment":[{"href":"https:\/\/www.latchourette.com\/en\/wp-json\/wp\/v2\/media?parent=11028"}],"curies":[{"name":"wp","href":"https:\/\/api.w.org\/{rel}","templated":true}]}}